{"id":124,"date":"2026-03-23T20:20:47","date_gmt":"2026-03-23T19:20:47","guid":{"rendered":"https:\/\/www.windofhealth.com\/?page_id=124"},"modified":"2026-04-17T17:34:30","modified_gmt":"2026-04-17T15:34:30","slug":"jak-schudnac-i-podkrecic-metabolizm","status":"publish","type":"page","link":"https:\/\/www.windofhealth.com\/index.php\/jak-schudnac-i-podkrecic-metabolizm\/","title":{"rendered":"Jak schudn\u0105\u0107 i podkr\u0119ci\u0107 metabolizm?"},"content":{"rendered":"<style>.kb-row-layout-id124_0b3f6d-c1 > .kt-row-column-wrap{align-content:start;}:where(.kb-row-layout-id124_0b3f6d-c1 > .kt-row-column-wrap) > .wp-block-kadence-column{justify-content:start;}.kb-row-layout-id124_0b3f6d-c1 > .kt-row-column-wrap{column-gap:var(--global-kb-gap-md, 2rem);row-gap:var(--global-kb-gap-md, 2rem);padding-top:var(--global-kb-spacing-sm, 1.5rem);padding-bottom:var(--global-kb-spacing-sm, 1.5rem);grid-template-columns:minmax(0, 1fr) minmax(0, 2fr);}.kb-row-layout-id124_0b3f6d-c1 > .kt-row-layout-overlay{opacity:0.30;}@media all and (max-width: 1024px){.kb-row-layout-id124_0b3f6d-c1 > .kt-row-column-wrap{grid-template-columns:minmax(0, 1fr) minmax(0, 2fr);}}@media all and (max-width: 767px){.kb-row-layout-id124_0b3f6d-c1 > .kt-row-column-wrap{grid-template-columns:minmax(0, 1fr);}}<\/style><div class=\"kb-row-layout-wrap kb-row-layout-id124_0b3f6d-c1 alignnone wp-block-kadence-rowlayout\"><div class=\"kt-row-column-wrap kt-has-2-columns kt-row-layout-right-golden kt-tab-layout-inherit kt-mobile-layout-row kt-row-valign-top\">\n<style>.kadence-column124_29b06f-08 > .kt-inside-inner-col,.kadence-column124_29b06f-08 > .kt-inside-inner-col:before{border-top-left-radius:0px;border-top-right-radius:0px;border-bottom-right-radius:0px;border-bottom-left-radius:0px;}.kadence-column124_29b06f-08 > .kt-inside-inner-col{column-gap:var(--global-kb-gap-sm, 1rem);}.kadence-column124_29b06f-08 > .kt-inside-inner-col{flex-direction:column;}.kadence-column124_29b06f-08 > .kt-inside-inner-col > .aligncenter{width:100%;}.kadence-column124_29b06f-08 > .kt-inside-inner-col:before{opacity:0.3;}.kadence-column124_29b06f-08{position:relative;}@media all and (max-width: 1024px){.kadence-column124_29b06f-08 > .kt-inside-inner-col{flex-direction:column;justify-content:center;}}@media all and (max-width: 767px){.kadence-column124_29b06f-08 > .kt-inside-inner-col{flex-direction:column;justify-content:center;}}<\/style>\n<div class=\"wp-block-kadence-column kadence-column124_29b06f-08\"><div class=\"kt-inside-inner-col\"><div class=\"wp-block-image\">\n<figure class=\"aligncenter size-full is-resized\"><img loading=\"lazy\" decoding=\"async\" width=\"800\" height=\"1277\" src=\"https:\/\/www.windofhealth.com\/wp-content\/uploads\/2026\/03\/7-tajemnic-przypraw-Marcin-Korbiel-800x1277-1.png\" alt=\"\" class=\"wp-image-199\" style=\"aspect-ratio:0.626502919958777;width:346px;height:auto\" srcset=\"https:\/\/www.windofhealth.com\/wp-content\/uploads\/2026\/03\/7-tajemnic-przypraw-Marcin-Korbiel-800x1277-1.png 800w, https:\/\/www.windofhealth.com\/wp-content\/uploads\/2026\/03\/7-tajemnic-przypraw-Marcin-Korbiel-800x1277-1-188x300.png 188w, https:\/\/www.windofhealth.com\/wp-content\/uploads\/2026\/03\/7-tajemnic-przypraw-Marcin-Korbiel-800x1277-1-642x1024.png 642w, https:\/\/www.windofhealth.com\/wp-content\/uploads\/2026\/03\/7-tajemnic-przypraw-Marcin-Korbiel-800x1277-1-768x1226.png 768w\" sizes=\"auto, (max-width: 800px) 100vw, 800px\" \/><\/figure>\n<\/div><\/div><\/div>\n\n\n<style>.kadence-column124_e3de8d-38 > .kt-inside-inner-col,.kadence-column124_e3de8d-38 > .kt-inside-inner-col:before{border-top-left-radius:0px;border-top-right-radius:0px;border-bottom-right-radius:0px;border-bottom-left-radius:0px;}.kadence-column124_e3de8d-38 > .kt-inside-inner-col{column-gap:var(--global-kb-gap-sm, 1rem);}.kadence-column124_e3de8d-38 > .kt-inside-inner-col{flex-direction:column;}.kadence-column124_e3de8d-38 > .kt-inside-inner-col > .aligncenter{width:100%;}.kadence-column124_e3de8d-38 > .kt-inside-inner-col:before{opacity:0.3;}.kadence-column124_e3de8d-38{position:relative;}@media all and (max-width: 1024px){.kadence-column124_e3de8d-38 > .kt-inside-inner-col{flex-direction:column;justify-content:center;}}@media all and (max-width: 767px){.kadence-column124_e3de8d-38 > .kt-inside-inner-col{flex-direction:column;justify-content:center;}}<\/style>\n<div class=\"wp-block-kadence-column kadence-column124_e3de8d-38\"><div class=\"kt-inside-inner-col\">\n<h1 class=\"wp-block-heading\">Jak schudn\u0105\u0107 i podkr\u0119ci\u0107 metabolizm?<\/h1>\n\n\n\n<h2 class=\"wp-block-heading\">Pokochaj przyprawy!<\/h2>\n\n\n\n<p>Co zyskasz z tego ebooka?<\/p>\n\n\n\n<ul class=\"wp-block-list\">\n<li>Jak poprawi\u0107 trawienie?<\/li>\n\n\n\n<li>Jak wspom\u00f3c odchudzanie?<\/li>\n\n\n\n<li>Jak mie\u0107 wi\u0119cej energii?<\/li>\n\n\n\n<li>Jak wspom\u00f3c leczenie przyprawami ?<\/li>\n\n\n\n<li>Jakie przyprawy pomog\u0105 w przezi\u0119bieniu i stanach zapalnych?<\/li>\n\n\n\n<li>Jak wspom\u00f3c cia\u0142o w pozbyciu si\u0119 paso\u017cyt\u00f3w i grzyb\u00f3w?<\/li>\n<\/ul>\n\n\n\n<p><strong>7 tajemnic przypraw (ebook pdf)<\/strong><br><strong>27,97 z\u0142<\/strong> zamiast 39,97 z\u0142<\/p>\n\n\n<div class=\"wp-block-simpay-payment-form\" id=\"simpay-block-payment-form-137\" data-form-id=\"137\" data-form-vars='{\"type\":\"off-site\",\"stripe\":{\"elements\":{\"locale\":\"auto\",\"appearance\":{\"variables\":{\"colorPrimary\":\"#007acc\",\"colorBackground\":\"#ffffff\",\"colorText\":\"#333\",\"colorTextSecondary\":\"#555\",\"colorDanger\":\"#eb1c26\",\"fontSizeBase\":\"15px\",\"fontFamily\":\"-apple-system, BlinkMacSystemFont, Segoe UI, Helvetica, Arial, sans-serif, Apple Color Emoji, Segoe UI Emoji\",\"fontWeightNormal\":\"500\",\"spacingTab\":\"0px\",\"spacingGridRow\":\"15px\",\"borderRadius\":\"4px\"},\"rules\":{\".Tab\":{\"padding\":\"10px 5px 10px\",\"border\":\"none\",\"borderRadius\":\"0px\",\"boxShadow\":\"inset 0 -1px rgba(0, 0, 0, 0.20)\",\"backgroundColor\":\"transparent\"},\".Tab:focus\":{\"boxShadow\":\"inset 0 -4px #308264\"},\".Tab:hover\":{\"boxShadow\":\"inset 0 -4px #308264\"},\".Tab--selected\":{\"boxShadow\":\"inset 0 -2px #308264\"},\".Tab--selected:focus\":{\"border\":\"none\",\"boxShadow\":\"inset 0 -4px #308264\"},\".TabIcon--selected\":{\"fill\":\"#000000\"},\".TabLabel\":{\"color\":\"#333\",\"fontSize\":\"15px\",\"fontWeight\":\"bold\"},\".Label\":{\"color\":\"#333\",\"fontSize\":\"15px\",\"fontWeight\":\"600\"},\".Input\":{\"color\":\"#333\",\"fontSize\":\"15px\",\"fontWeight\":\"500\",\"padding\":\"8px\",\"border\":\"none\",\"boxShadow\":\"0 0 0 1px rgba(0, 0, 0, 0.20), 0 1px 2px rgba(0, 0, 0, 0.05)\"},\".Input:focus\":{\"boxShadow\":\"0 0 0 1px #007acc, 0 0 0 3px rgba(0, 122, 204, 0.15), 0 1px 2px rgba(0, 0, 0, 0.05)\",\"outline\":\"none\"},\".CodeInput\":{\"color\":\"#333\",\"fontSize\":\"15px\",\"fontWeight\":\"400\",\"padding\":\"8px\",\"boxShadow\":\"0 0 0 1px rgba(0, 0, 0, 0.20), 0 1px 2px rgba(0, 0, 0, 0.05)\"},\".CodeInput:focus\":{\"boxShadow\":\"0 0 0 1px #007acc, 0 0 0 3px rgba(0, 122, 204, 0.15), 0 1px 2px rgba(0, 0, 0, 0.05)\",\"outline\":\"none\"},\".CheckboxInput\":{\"border\":\"none\",\"boxShadow\":\"0 0 0 1px rgba(0, 0, 0, 0.20), 0 1px 2px rgba(0, 0, 0, 0.05)\"},\".CheckboxInput--checked\":{\"boxShadow\":\"none\"},\".CheckboxInput:focus\":{\"boxShadow\":\"0 0 0 1px #007acc, 0 0 0 3px rgba(0, 122, 204, 0.15), 0 1px 2px rgba(0, 0, 0, 0.05)\",\"outline\":\"none\"},\".Block\":{\"padding\":\"15px\",\"border\":\"none\",\"boxShadow\":\"0 0 0 1px rgba(0, 0, 0, 0.20), 0 1px 2px rgba(0, 0, 0, 0.05)\"},\".PickerItem\":{\"color\":\"#333\",\"fontSize\":\"15px\",\"fontWeight\":\"400\",\"padding\":\"10px 18px\",\"border\":\"none\",\"boxShadow\":\"0 0 0 1px rgba(0, 0, 0, 0.20), 0 1px 2px rgba(0, 0, 0, 0.05)\"},\".PickerItem:hover\":{\"backgroundColor\":\"#ffffff\"},\".PickerItem--selected\":{\"boxShadow\":\"0 0 0 1px #007acc, 0 0 0 3px rgba(0, 122, 204, 0.15), 0 1px 2px rgba(0, 0, 0, 0.05)\",\"outline\":\"none\"},\".Dropdown\":{\"boxShadow\":\"0 0 0 1px rgba(0, 0, 0, 0.20), 0 1px 2px rgba(0, 0, 0, 0.05)\"},\".DropdownItem\":{\"color\":\"#333\",\"padding\":\"8px\"}}}},\"paymentElement\":[],\"apiKey\":\"pk_live_51TDsT3RpbmFa1863Ykm9qiFLaighAebVjlhoaOX6LcdbxECAY67KZPQcLcQmCL4neILjI1YZovvIcdDiJEwP6A34003e8lMyrE\",\"apiVersion\":\"2024-06-20\",\"locale\":\"auto\"},\"settings\":{\"paymentMethods\":[{\"id\":\"card\",\"name\":\"Karta\",\"nicename\":\"Karta kredytowa\",\"licenses\":[\"personal\",\"plus\",\"professional\",\"ultimate\",\"elite\"],\"flow\":\"none\",\"scope\":\"popular\",\"countries\":[\"au\",\"at\",\"be\",\"br\",\"bg\",\"ca\",\"hr\",\"cy\",\"cz\",\"dk\",\"ee\",\"fi\",\"fr\",\"de\",\"gi\",\"gr\",\"hk\",\"hu\",\"in\",\"ie\",\"it\",\"jp\",\"lv\",\"li\",\"lt\",\"lu\",\"my\",\"mt\",\"mx\",\"nl\",\"nz\",\"no\",\"pl\",\"pt\",\"ro\",\"sg\",\"sk\",\"si\",\"es\",\"se\",\"ch\",\"th\",\"ae\",\"gb\",\"us\"],\"currencies\":[\"aed\",\"afn\",\"all\",\"amd\",\"ang\",\"aoa\",\"ars\",\"aud\",\"awg\",\"azn\",\"bam\",\"bbd\",\"bdt\",\"bif\",\"bgn\",\"bmd\",\"bnd\",\"bob\",\"brl\",\"bsd\",\"bwp\",\"byr\",\"bzd\",\"cad\",\"cdf\",\"chf\",\"clp\",\"cny\",\"cop\",\"crc\",\"cve\",\"czk\",\"djf\",\"dkk\",\"dop\",\"dzd\",\"egp\",\"etb\",\"eur\",\"fjd\",\"fkp\",\"gbp\",\"gel\",\"gip\",\"gmd\",\"gnf\",\"gtq\",\"gyd\",\"hkd\",\"hnl\",\"hrk\",\"htg\",\"huf\",\"idr\",\"ils\",\"inr\",\"isk\",\"jmd\",\"jpy\",\"kes\",\"kgs\",\"khr\",\"kmf\",\"krw\",\"kyd\",\"kzt\",\"lak\",\"lbp\",\"lkr\",\"lrd\",\"lsl\",\"mad\",\"mdl\",\"mga\",\"mkd\",\"mmk\",\"mnt\",\"mop\",\"mro\",\"mur\",\"mvr\",\"mwk\",\"mxn\",\"myr\",\"mzn\",\"nad\",\"ngn\",\"nio\",\"nok\",\"npr\",\"nzd\",\"pab\",\"pen\",\"pgk\",\"php\",\"pkr\",\"pln\",\"pyg\",\"qar\",\"ron\",\"rsd\",\"rub\",\"rwf\",\"sar\",\"sbd\",\"scr\",\"sek\",\"sgd\",\"shp\",\"sll\",\"sos\",\"srd\",\"std\",\"szl\",\"thb\",\"tjs\",\"top\",\"try\",\"ttd\",\"twd\",\"tzs\",\"uah\",\"ugx\",\"usd\",\"uyu\",\"uzs\",\"vnd\",\"vuv\",\"wst\",\"xaf\",\"xcd\",\"xof\",\"xpf\",\"yer\",\"zar\",\"zmw\"],\"recurring\":true,\"stripe_checkout\":true,\"bnpl\":false,\"config\":{\"id\":\"card\"}},{\"id\":\"p24\",\"name\":\"Przelewy24\",\"nicename\":\"Przelewy24\",\"licenses\":[\"personal\",\"plus\",\"professional\",\"ultimate\",\"elite\"],\"flow\":\"none\",\"scope\":\"standard\",\"countries\":[\"au\",\"at\",\"be\",\"bg\",\"ca\",\"hr\",\"cy\",\"cz\",\"dk\",\"ee\",\"fi\",\"fr\",\"de\",\"gi\",\"gr\",\"hk\",\"ie\",\"it\",\"jp\",\"lv\",\"li\",\"lt\",\"lu\",\"mt\",\"mx\",\"nl\",\"nz\",\"no\",\"pl\",\"pt\",\"ro\",\"sg\",\"sk\",\"si\",\"es\",\"se\",\"ch\",\"gb\",\"us\"],\"currencies\":[\"eur\",\"pln\"],\"recurring\":false,\"stripe_checkout\":true,\"bnpl\":false,\"config\":{\"id\":\"p24\"}}],\"taxStatus\":\"none\",\"taxRates\":[],\"minAmount\":100,\"addressType\":null,\"hasWallets\":false,\"hasNameField\":false,\"hasPhoneField\":false,\"hasFeeRecovery\":false,\"allowMultipleLineItem\":\"no\",\"prices\":{\"849e5764-3c98-4135-9707-353ff01348c4\":{\"instance_id\":\"849e5764-3c98-4135-9707-353ff01348c4\",\"product_id\":\"prod_UDGoDHC5W9F7Bi\",\"id\":\"price_1TNEPVRpbmFa1863boekbcGC\",\"default\":true,\"required\":false,\"label\":null,\"currency\":\"pln\",\"currency_symbol\":\"&#122;&#322;\",\"is_zero_decimal\":false,\"unit_amount\":2797,\"unit_amount_min\":null,\"unit_amount_max\":null,\"can_recur\":false,\"can_recur_selected_by_default\":false,\"recurring\":null,\"line_items\":null,\"quantity_toggle\":null,\"quantity_label\":null,\"quantity_minimum\":null,\"quantity_maximum\":null,\"recurring_amount_toggle_label\":null,\"__unstable_unsaved\":null}},\"returnUrl\":\"https:\\\/\\\/www.windofhealth.com\\\/index.php\\\/potwierdzenie-platnosci\\\/?form_id=137\",\"failureUrl\":\"https:\\\/\\\/www.windofhealth.com\\\/index.php\\\/niepowodzenie-platnosci\\\/?form_id=137\"},\"extra\":{\"ajaxurl\":\"https:\\\/\\\/www.windofhealth.com\\\/wp-admin\\\/admin-ajax.php\"},\"i18n\":{\"siteTitle\":\"WndOfHealth\",\"dateFormat\":\"d\\\/m\\\/Y\",\"checkoutButtonText\":\"Zap\\u0142a\\u0107 {{amount}}\",\"checkoutButtonTrialText\":\"Rozpocznij okres pr\\u00f3bny\",\"checkoutButtonLoadingText\":\"Poczekaj...\",\"minCustomAmountError\":\"Minimalna dozwolona kwota to %s\",\"subMinCustomAmountError\":\"Minimalna dozwolona kwota to %s\",\"maxCustomAmountError\":\"The maximum amount allowed is %s\",\"emptyAddressError\":\"Wpisz pe\\u0142ny adres.\",\"emptyCustomAmountError\":\"Wpisz w\\u0142asn\\u0105 kwot\\u0119. Minimalna dozwolona kwota to %s\",\"emptyEmailError\":\"Wpisz prawid\\u0142owy adres e-mail.\",\"invalidPhoneError\":\"Wpisz prawid\\u0142owy numer telefonu.\",\"emptyPaymentMethodError\":\"Zanim przejdziesz dalej, uzupe\\u0142nij wymagane pola.\",\"currency\":\"PLN\",\"currencySymbol\":\"z\\u0142\",\"currencyPosition\":\"right_space\",\"decimalSeparator\":\",\",\"decimalPlaces\":2,\"thousandSeparator\":\".\",\"ajaxurl\":\"https:\\\/\\\/www.windofhealth.com\\\/wp-admin\\\/admin-ajax.php\",\"customAmountLabel\":\"od %s\",\"recurringIntervals\":{\"day\":[\"dzie\\u0144\",\"dni\",\"daily\"],\"week\":[\"tydzie\\u0144\",\"tyg.\",\"weekly\"],\"month\":[\"miesi\\u0105c\",\"mies.\",\"monthly\"],\"year\":[\"rok\",\"lat(a)\",\"yearly\"]},\"recurringIntervalDisplay\":\"%1$s co %2$s %3$s\",\"recurringIntervalDisplayLimitedDiscount\":\"%1$s co %2$s %3$s przez %4$s mies., a nast\\u0119pnie %5$s\",\"recurringIntervalDisplayAutomaticTaxDiscount\":\"%1$s co %2$s %3$s do wyga\\u015bni\\u0119cia kuponu\",\"recurringIntervalDisplayInvoiceLimitSingular\":\"%1$d %3$s payments of %2$s\",\"recurringIntervalDisplayInvoiceLimit\":\"%1$d payments of %2$s every %6$d %5$s\",\"addressRequired\":\"Wpisz adres do obliczenia\",\"addressInvalid\":\"Wpisz prawid\\u0142owy adres\",\"paymentButtonText\":\"Zap\\u0142a\\u0107 Teraz\",\"paymentButtonTrialText\":\"Start Trial\",\"paymentButtonLoadingText\":\"Processing...\",\"stripeErrorMessages\":{\"invalid_number\":\"Numer karty nie jest prawid\\u0142owym numerem karty kredytowej.\",\"invalid_expiry_month\":\"Miesi\\u0105c wa\\u017cno\\u015bci karty jest nieprawid\\u0142owy.\",\"invalid_expiry_year\":\"Rok wa\\u017cno\\u015bci karty jest nieprawid\\u0142owy.\",\"invalid_cvc\":\"Kod zabezpieczaj\\u0105cy karty jest nieprawid\\u0142owy.\",\"incorrect_number\":\"Numer karty jest niepoprawny.\",\"incomplete_number\":\"Numer karty jest niepe\\u0142ny.\",\"incomplete_cvc\":\"Kod zabezpieczaj\\u0105cy karty jest niepe\\u0142ny.\",\"incomplete_expiry\":\"Data wa\\u017cno\\u015bci karty jest niepe\\u0142na.\",\"expired_card\":\"Karta straci\\u0142a wa\\u017cno\\u015b\\u0107.\",\"incorrect_cvc\":\"Kod zabezpieczaj\\u0105cy karty jest niepoprawny.\",\"incorrect_zip\":\"Kod pocztowy powi\\u0105zany z kart\\u0105 nie przeszed\\u0142 pomy\\u015blnie weryfikacji.\",\"invalid_expiry_year_past\":\"Rok wa\\u017cno\\u015bci karty min\\u0105\\u0142\",\"card_declined\":\"Karta zosta\\u0142a odrzucona.\",\"processing_error\":\"Podczas przetwarzania karty wyst\\u0105pi\\u0142 b\\u0142\\u0105d.\",\"invalid_request_error\":\"Nie mo\\u017cna przetworzy\\u0107 tej p\\u0142atno\\u015bci. Spr\\u00f3buj ponownie lub u\\u017cyj innej metody.\",\"email_invalid\":\"Nieprawid\\u0142owy adres e-mail. Popraw go i spr\\u00f3buj ponownie.\"},\"unknownError\":\"Nie mo\\u017cna uko\\u0144czy\\u0107 \\u017c\\u0105dania. Spr\\u00f3buj ponownie.\"}}'><div id=\"simpay-stripe_checkout-form-wrap-137\" data-id=\"simpay-form-137-wrap\" class=\"simpay-form-wrap simpay-stripe_checkout-form-wrap\"><form action=\"\" method=\"post\" class=\"simpay-checkout-form simpay-form-137 simpay-styled simpay-checkout-form--stripe_checkout simpay-checkout-form--stripe_checkout-styled\" id=\"simpay-form-137\" data-simpay-form-id=\"137\" >\n\t\t<fieldset\n\t\t\tclass=\"simpay-form-control simpay-plan-select-container\"\n\t\t\tdata-display-type=\"radio\"\n\t\t\tstyle=\"display: none\"\n\t\t>\n\t\t\t<div class=\"simpay-plan_select-label simpay-label-wrap\">\n\t\t\t\t<legend class=\"\">\n\t\t\t\t\tChoose an amount\t\t\t\t<\/legend>\n\t\t\t<\/div>\n\n\t\t\t<div class=\"simpay-plan-wrapper simpay-field-wrap simpay-dropdown-wrap\">\n\t\t\t\t<ul class=\"simpay-multi-plan-radio-group\">\n\t\t\t\t\t\t\t\t\t<li class=\"simpay-price-selection-label\">\n\t\t\t\t\t\t\t\t\t\t\t\t\t<label for=\"price_1TNEPVRpbmFa1863boekbcGC-instance-145\">\n\t\t\t\t\t\t\t<input\n\t\t\t\t\t\t\t\ttype=\"radio\"\n\t\t\t\t\t\t\t\t\n\t\t\tid=\"price_1TNEPVRpbmFa1863boekbcGC-instance-145\"\n\t\t\tclass=\"simpay-multi-sub simpay-price-option-price_1TNEPVRpbmFa1863boekbcGC\"\n\t\t\tdata-price='{\"instance_id\":\"849e5764-3c98-4135-9707-353ff01348c4\",\"product_id\":\"prod_UDGoDHC5W9F7Bi\",\"id\":\"price_1TNEPVRpbmFa1863boekbcGC\",\"default\":true,\"required\":false,\"label\":null,\"currency\":\"pln\",\"currency_symbol\":\"&#122;&#322;\",\"is_zero_decimal\":false,\"unit_amount\":2797,\"unit_amount_min\":null,\"unit_amount_max\":null,\"can_recur\":false,\"can_recur_selected_by_default\":false,\"recurring\":null,\"line_items\":null,\"quantity_toggle\":null,\"quantity_label\":null,\"quantity_minimum\":null,\"quantity_maximum\":null,\"recurring_amount_toggle_label\":null,\"__unstable_unsaved\":null,\"generated_label\":\"27,97 &#122;&#322;\",\"simplified_label\":\"27,97 &#122;&#322;\",\"currency_min_amount\":100}'\n\t\t\tname=\"simpay_price\"\n\t\t\t checked='checked'\n\t\t\t\n\t\t\t\n\t\t\tvalue=\"price_1TNEPVRpbmFa1863boekbcGC\"\n\t\t\tdata-plan-id=\"price_1TNEPVRpbmFa1863boekbcGC\"\n\t\t\tdata-plan-amount=\"27.97\"\n\t\t\t\n\t\t\t\t\t\t\t\t\t\t\/>\n\t\t\t\t\t\t\t27,97 &#122;&#322;\t\t\t\t\t\t<\/label>\n\t\t\t\t\t\t\t\t\t\t\t<\/li>\n\t\t\t\t\t\t\t\t<\/ul>\n\t\t\t<\/div>\n\t\t<\/fieldset>\n\n\t\t<div class=\"simpay-form-control\"><button id=\"2\" class=\"simpay-btn simpay-payment-btn stripe-button-el\"><span>Zap\u0142a\u0107 Teraz<\/span><\/button><\/div><div class=\"simpay-generic-error simpay-errors\" id=\"simpay-form-137-error\" aria-live=\"assertive\" aria-relevant=\"additions text\" aria-atomic=\"true\"><\/div><input type=\"hidden\" name=\"simpay_form_id\" value=\"137\" \/><input type=\"hidden\" name=\"simpay_amount\" value=\"\" class=\"simpay-amount\" \/><input type=\"hidden\" name=\"simpay_tax_amount\" value=\"\" class=\"simpay-tax-amount\" \/><input type=\"hidden\" id=\"_wpnonce\" name=\"_wpnonce\" value=\"e1d9293b7f\" \/><input type=\"hidden\" name=\"_wp_http_referer\" value=\"\/index.php\/wp-json\/wp\/v2\/pages\/124\" \/><\/form><\/div><\/div><style><\/style><script>\n\t\t\t\t(function() {\n\t\t\t\t\tvar wrap = document.getElementById(\"simpay-embedded-form-wrap-137\");\n\t\t\t\t\tif (wrap) {\n\t\t\t\t\t\twrap.setAttribute(\"data-form-id\", \"137\");\n\t\t\t\t\t\tvar heading = wrap.previousElementSibling;\n\t\t\t\t\t\tif (heading && heading.classList && heading.classList.contains(\"simpay-embedded-heading\")) {\n\t\t\t\t\t\t\theading.setAttribute(\"data-form-id\", \"137\");\n\t\t\t\t\t\t}\n\t\t\t\t\t}\n\t\t\t\t})();\n\t\t\t\t<\/script><\/div><\/div>\n\n<\/div><\/div>","protected":false},"excerpt":{"rendered":"<p>Jak schudn\u0105\u0107 i podkr\u0119ci\u0107 metabolizm? Pokochaj przyprawy! Co zyskasz z tego ebooka? 7 tajemnic przypraw (ebook pdf)27,97 z\u0142 zamiast 39,97 z\u0142<\/p>\n","protected":false},"author":1,"featured_media":0,"parent":0,"menu_order":0,"comment_status":"closed","ping_status":"closed","template":"","meta":{"_monsterinsights_skip_tracking":false,"_monsterinsights_sitenote_active":false,"_monsterinsights_sitenote_note":"","_monsterinsights_sitenote_category":0,"_kadence_starter_templates_imported_post":false,"_kad_post_transparent":"disable","_kad_post_title":"hide","_kad_post_layout":"fullwidth","_kad_post_sidebar_id":"","_kad_post_content_style":"unboxed","_kad_post_vertical_padding":"hide","_kad_post_feature":"hide","_kad_post_feature_position":"","_kad_post_header":false,"_kad_post_footer":false,"_kad_post_classname":"","footnotes":""},"class_list":["post-124","page","type-page","status-publish","hentry"],"_links":{"self":[{"href":"https:\/\/www.windofhealth.com\/index.php\/wp-json\/wp\/v2\/pages\/124","targetHints":{"allow":["GET"]}}],"collection":[{"href":"https:\/\/www.windofhealth.com\/index.php\/wp-json\/wp\/v2\/pages"}],"about":[{"href":"https:\/\/www.windofhealth.com\/index.php\/wp-json\/wp\/v2\/types\/page"}],"author":[{"embeddable":true,"href":"https:\/\/www.windofhealth.com\/index.php\/wp-json\/wp\/v2\/users\/1"}],"replies":[{"embeddable":true,"href":"https:\/\/www.windofhealth.com\/index.php\/wp-json\/wp\/v2\/comments?post=124"}],"version-history":[{"count":9,"href":"https:\/\/www.windofhealth.com\/index.php\/wp-json\/wp\/v2\/pages\/124\/revisions"}],"predecessor-version":[{"id":497,"href":"https:\/\/www.windofhealth.com\/index.php\/wp-json\/wp\/v2\/pages\/124\/revisions\/497"}],"wp:attachment":[{"href":"https:\/\/www.windofhealth.com\/index.php\/wp-json\/wp\/v2\/media?parent=124"}],"curies":[{"name":"wp","href":"https:\/\/api.w.org\/{rel}","templated":true}]}}