{"id":359,"date":"2026-04-06T20:05:19","date_gmt":"2026-04-06T18:05:19","guid":{"rendered":"https:\/\/www.windofhealth.com\/?page_id=359"},"modified":"2026-04-15T11:30:31","modified_gmt":"2026-04-15T09:30:31","slug":"marcin-korbiel","status":"publish","type":"page","link":"https:\/\/www.windofhealth.com\/index.php\/marcin-korbiel\/","title":{"rendered":"Marcin Korbiel"},"content":{"rendered":"<div class=\"wp-block-image\">\n<figure class=\"alignleft size-medium\"><img loading=\"lazy\" decoding=\"async\" width=\"209\" height=\"300\" src=\"https:\/\/www.windofhealth.com\/wp-content\/uploads\/2026\/03\/Marcin-Korbiel-20260131-209x300.jpg\" alt=\"\" class=\"wp-image-57\" srcset=\"https:\/\/www.windofhealth.com\/wp-content\/uploads\/2026\/03\/Marcin-Korbiel-20260131-209x300.jpg 209w, https:\/\/www.windofhealth.com\/wp-content\/uploads\/2026\/03\/Marcin-Korbiel-20260131-712x1024.jpg 712w, https:\/\/www.windofhealth.com\/wp-content\/uploads\/2026\/03\/Marcin-Korbiel-20260131-768x1105.jpg 768w, https:\/\/www.windofhealth.com\/wp-content\/uploads\/2026\/03\/Marcin-Korbiel-20260131.jpg 894w\" sizes=\"auto, (max-width: 209px) 100vw, 209px\" \/><\/figure>\n<\/div>\n\n\n<p>Lider zespo\u0142u, do\u015bwiadczony manager, profilaktyk zdrowia, wegetarianin, marketer internetowy z ponad 6 letnim sta\u017cem, autor ebooka <a href=\"https:\/\/www.windofhealth.com\/index.php\/jak-schudnac-i-podkrecic-metabolizm\/\" data-type=\"page\" data-id=\"124\"><strong>7 tajemnic przypraw<\/strong> !<\/a><\/p>\n\n\n\n<p>Buduj\u0119 i rozwijam projekt WindOfHealth, kt\u00f3ry koncentruje si\u0119 na promocji zdrowego stylu \u017cycia, sprawdzonych poradach dietetycznych, treningach oraz us\u0142ugach z zakresu zdrowia. Moje umiej\u0119tno\u015bci obejmuj\u0105 kierownictwo, copywriting oraz wykorzystanie narz\u0119dzi takich jak Google Cloud, getresponse do wspierania dzia\u0142a\u0144 projektowych.<\/p>\n\n\n\n<p>Moj\u0105 misj\u0105 jest \u0142\u0105czenie wiedzy z zakresu zdrowia z nowoczesnymi strategiami marketingu internetowego. Dzi\u0119ki praktycznemu do\u015bwiadczeniu w tworzeniu stron internetowych na WordPress, konfiguracji sklep\u00f3w WooCommerce oraz pisaniu tre\u015bci, d\u0105\u017c\u0119 do budowania warto\u015bciowych relacji i wspierania os\u00f3b oraz firm w osi\u0105ganiu ich cel\u00f3w zdrowotnych i biznesowych.<\/p>\n\n\n\n<p>Prywatnie: pije wod\u0119, zdrowo od\u017cywiam cia\u0142o, codziennie \u0107wicz\u0119, chodz\u0119 na spacery, czasam biegam. Codzennie medytuj\u0119, s\u0142ucham, muzyki, ta\u0144cz\u0119 i \u015bpiewam.<\/p>\n","protected":false},"excerpt":{"rendered":"<p>Lider zespo\u0142u, do\u015bwiadczony manager, profilaktyk zdrowia, wegetarianin, marketer internetowy z ponad 6 letnim sta\u017cem, autor ebooka 7 tajemnic przypraw ! Buduj\u0119 i rozwijam projekt WindOfHealth, kt\u00f3ry koncentruje si\u0119 na promocji zdrowego stylu \u017cycia, sprawdzonych poradach dietetycznych, treningach oraz us\u0142ugach z zakresu zdrowia. Moje umiej\u0119tno\u015bci obejmuj\u0105 kierownictwo, copywriting oraz wykorzystanie narz\u0119dzi takich jak Google Cloud, getresponse&#8230;<\/p>\n","protected":false},"author":1,"featured_media":0,"parent":0,"menu_order":0,"comment_status":"closed","ping_status":"closed","template":"","meta":{"_monsterinsights_skip_tracking":false,"_monsterinsights_sitenote_active":false,"_monsterinsights_sitenote_note":"","_monsterinsights_sitenote_category":0,"_kadence_starter_templates_imported_post":false,"_kad_post_transparent":"","_kad_post_title":"","_kad_post_layout":"","_kad_post_sidebar_id":"","_kad_post_content_style":"","_kad_post_vertical_padding":"","_kad_post_feature":"","_kad_post_feature_position":"","_kad_post_header":false,"_kad_post_footer":false,"_kad_post_classname":"","footnotes":""},"class_list":["post-359","page","type-page","status-publish","hentry"],"_links":{"self":[{"href":"https:\/\/www.windofhealth.com\/index.php\/wp-json\/wp\/v2\/pages\/359","targetHints":{"allow":["GET"]}}],"collection":[{"href":"https:\/\/www.windofhealth.com\/index.php\/wp-json\/wp\/v2\/pages"}],"about":[{"href":"https:\/\/www.windofhealth.com\/index.php\/wp-json\/wp\/v2\/types\/page"}],"author":[{"embeddable":true,"href":"https:\/\/www.windofhealth.com\/index.php\/wp-json\/wp\/v2\/users\/1"}],"replies":[{"embeddable":true,"href":"https:\/\/www.windofhealth.com\/index.php\/wp-json\/wp\/v2\/comments?post=359"}],"version-history":[{"count":3,"href":"https:\/\/www.windofhealth.com\/index.php\/wp-json\/wp\/v2\/pages\/359\/revisions"}],"predecessor-version":[{"id":491,"href":"https:\/\/www.windofhealth.com\/index.php\/wp-json\/wp\/v2\/pages\/359\/revisions\/491"}],"wp:attachment":[{"href":"https:\/\/www.windofhealth.com\/index.php\/wp-json\/wp\/v2\/media?parent=359"}],"curies":[{"name":"wp","href":"https:\/\/api.w.org\/{rel}","templated":true}]}}