{"id":51,"date":"2026-03-18T14:03:49","date_gmt":"2026-03-18T13:03:49","guid":{"rendered":"https:\/\/www.windofhealth.com\/?page_id=51"},"modified":"2026-04-12T20:14:57","modified_gmt":"2026-04-12T18:14:57","slug":"zespol","status":"publish","type":"page","link":"https:\/\/www.windofhealth.com\/index.php\/zespol\/","title":{"rendered":"Zespo\u0142"},"content":{"rendered":"<div class=\"wp-block-image\">\n<figure class=\"alignleft size-medium\"><img loading=\"lazy\" decoding=\"async\" width=\"209\" height=\"300\" src=\"https:\/\/www.windofhealth.com\/wp-content\/uploads\/2026\/03\/Marcin-Korbiel-20260131-209x300.jpg\" alt=\"\" class=\"wp-image-57\" srcset=\"https:\/\/www.windofhealth.com\/wp-content\/uploads\/2026\/03\/Marcin-Korbiel-20260131-209x300.jpg 209w, https:\/\/www.windofhealth.com\/wp-content\/uploads\/2026\/03\/Marcin-Korbiel-20260131-712x1024.jpg 712w, https:\/\/www.windofhealth.com\/wp-content\/uploads\/2026\/03\/Marcin-Korbiel-20260131-768x1105.jpg 768w, https:\/\/www.windofhealth.com\/wp-content\/uploads\/2026\/03\/Marcin-Korbiel-20260131.jpg 894w\" sizes=\"auto, (max-width: 209px) 100vw, 209px\" \/><figcaption class=\"wp-element-caption\">Marcin Korbiel. Lider Zespo\u0142u<\/figcaption><\/figure>\n<\/div>\n\n\n<p>Lider zespo\u0142u, do\u015bwiadczony manager, profilaktyk zdrowia, wegetarianin, marketer internetowy z ponad 6 letnim sta\u017cem, autor ebook\u00f3w.<\/p>\n\n\n<style>.wp-block-kadence-spacer.kt-block-spacer-51_9e476a-b6 .kt-block-spacer{height:60px;}.wp-block-kadence-spacer.kt-block-spacer-51_9e476a-b6 .kt-divider{border-top-width:1px;height:1px;border-top-color:#eee;width:80%;border-top-style:solid;}<\/style>\n<div class=\"wp-block-kadence-spacer aligncenter kt-block-spacer-51_9e476a-b6\"><div class=\"kt-block-spacer kt-block-spacer-halign-center\"><hr class=\"kt-divider\"\/><\/div><\/div>\n\n\n\n<p><\/p>\n\n\n<div class=\"wp-block-image\">\n<figure class=\"alignleft size-thumbnail\"><img loading=\"lazy\" decoding=\"async\" width=\"150\" height=\"150\" src=\"https:\/\/www.windofhealth.com\/wp-content\/uploads\/2026\/04\/anonimowa_osoba_912-150x150.png\" alt=\"\" class=\"wp-image-353\" style=\"object-fit:cover\"\/><figcaption class=\"wp-element-caption\">Dietetyk<\/figcaption><\/figure>\n<\/div>\n\n\n<p>opis osoby<\/p>\n\n\n<style>.wp-block-kadence-spacer.kt-block-spacer-51_039904-7c .kt-block-spacer{height:103px;}.wp-block-kadence-spacer.kt-block-spacer-51_039904-7c .kt-divider{border-top-width:1px;height:1px;border-top-color:#eee;width:80%;border-top-style:solid;}<\/style>\n<div class=\"wp-block-kadence-spacer alignfull kt-block-spacer-51_039904-7c\"><div class=\"kt-block-spacer kt-block-spacer-halign-center\"><hr class=\"kt-divider\"\/><\/div><\/div>\n\n\n<div class=\"wp-block-image\">\n<figure class=\"alignleft size-thumbnail\"><img loading=\"lazy\" decoding=\"async\" width=\"150\" height=\"150\" src=\"https:\/\/www.windofhealth.com\/wp-content\/uploads\/2026\/04\/anonimowa_osoba_912-150x150.png\" alt=\"\" class=\"wp-image-353\"\/><figcaption class=\"wp-element-caption\">, Trener Fitness<\/figcaption><\/figure>\n<\/div>\n\n\n<p>opis osoby<\/p>\n","protected":false},"excerpt":{"rendered":"<p>Lider zespo\u0142u, do\u015bwiadczony manager, profilaktyk zdrowia, wegetarianin, marketer internetowy z ponad 6 letnim sta\u017cem, autor ebook\u00f3w. opis osoby opis osoby<\/p>\n","protected":false},"author":1,"featured_media":0,"parent":0,"menu_order":0,"comment_status":"closed","ping_status":"closed","template":"","meta":{"_monsterinsights_skip_tracking":false,"_monsterinsights_sitenote_active":false,"_monsterinsights_sitenote_note":"","_monsterinsights_sitenote_category":0,"_kadence_starter_templates_imported_post":false,"_kad_post_transparent":"","_kad_post_title":"","_kad_post_layout":"","_kad_post_sidebar_id":"","_kad_post_content_style":"","_kad_post_vertical_padding":"","_kad_post_feature":"","_kad_post_feature_position":"","_kad_post_header":false,"_kad_post_footer":false,"_kad_post_classname":"","footnotes":""},"class_list":["post-51","page","type-page","status-publish","hentry"],"_links":{"self":[{"href":"https:\/\/www.windofhealth.com\/index.php\/wp-json\/wp\/v2\/pages\/51","targetHints":{"allow":["GET"]}}],"collection":[{"href":"https:\/\/www.windofhealth.com\/index.php\/wp-json\/wp\/v2\/pages"}],"about":[{"href":"https:\/\/www.windofhealth.com\/index.php\/wp-json\/wp\/v2\/types\/page"}],"author":[{"embeddable":true,"href":"https:\/\/www.windofhealth.com\/index.php\/wp-json\/wp\/v2\/users\/1"}],"replies":[{"embeddable":true,"href":"https:\/\/www.windofhealth.com\/index.php\/wp-json\/wp\/v2\/comments?post=51"}],"version-history":[{"count":8,"href":"https:\/\/www.windofhealth.com\/index.php\/wp-json\/wp\/v2\/pages\/51\/revisions"}],"predecessor-version":[{"id":485,"href":"https:\/\/www.windofhealth.com\/index.php\/wp-json\/wp\/v2\/pages\/51\/revisions\/485"}],"wp:attachment":[{"href":"https:\/\/www.windofhealth.com\/index.php\/wp-json\/wp\/v2\/media?parent=51"}],"curies":[{"name":"wp","href":"https:\/\/api.w.org\/{rel}","templated":true}]}}