{"id":53,"date":"2026-03-18T14:14:00","date_gmt":"2026-03-18T13:14:00","guid":{"rendered":"https:\/\/www.windofhealth.com\/?page_id=53"},"modified":"2026-04-08T19:44:34","modified_gmt":"2026-04-08T17:44:34","slug":"wspolpraca","status":"publish","type":"page","link":"https:\/\/www.windofhealth.com\/index.php\/wspolpraca\/","title":{"rendered":"Wsp\u00f3\u0142praca"},"content":{"rendered":"\n<p>Je\u015bli jeste\u015b dietetykiem, trenerem\/k\u0105 personalnym\/\u0105, fitness lub Instruktorem\/k\u0105 ta\u0144ca lub Instruktorem\/k\u0105 jogi z Krakowa to do\u0142\u0105cz do naszego zespo\u0142u!<\/p>\n\n\n\n<h2 class=\"wp-block-heading\">Co zyskasz?<\/h2>\n\n\n\n<ul class=\"wp-block-list\">\n<li>Promocje na stronie<\/li>\n\n\n\n<li>Sprzeda\u017c Twoich us\u0142ug stronie.<\/li>\n\n\n\n<li>Cykliczn\u0105 sprzeda\u017c w mailingu<\/li>\n\n\n\n<li>Z naszej pracy dla Ciebie dostajesz po 50% za ka\u017cd\u0105 wykupion\u0105 godzin\u0119<\/li>\n\n\n\n<li>Wymian\u0119 informacji i do\u015bwiadcze\u0144 wewn\u0105trz zespo\u0142u<\/li>\n<\/ul>\n\n\n\n<h2 class=\"wp-block-heading\">Je\u015bli to Ci\u0119 interesuje to zapraszamy &#8211; do\u0142\u0105cz do nas ju\u017c Teraz !<\/h2>\n\n\n\n<h2 class=\"wp-block-heading\">Formularzu opisz:<\/h2>\n\n\n\n<ul class=\"wp-block-list\">\n<li>Jakie s\u0105 Twoje osi\u0105gni\u0119cia w pomaganiu innym?<\/li>\n\n\n\n<li>Jest Twoje wykszta\u0142cenie kierunkowe?<\/li>\n\n\n\n<li>Dlaczego mieliby\u015bmy z Tob\u0105 wsp\u00f3\u0142pracowa\u0107?<\/li>\n\n\n\n<li>Jakie jest miasto w kt\u00f3rym dzia\u0142asz?<\/li>\n\n\n\n<li>Co chcesz nam napisa\u0107 o sobie?<\/li>\n<\/ul>\n\n\n\n<div class=\"wpcf7 no-js\" id=\"wpcf7-f82-o1\" lang=\"pl-PL\" dir=\"ltr\" data-wpcf7-id=\"82\">\n<div class=\"screen-reader-response\"><p role=\"status\" aria-live=\"polite\" aria-atomic=\"true\"><\/p> <ul><\/ul><\/div>\n<form action=\"\/index.php\/wp-json\/wp\/v2\/pages\/53#wpcf7-f82-o1\" method=\"post\" class=\"wpcf7-form init\" aria-label=\"Formularz kontaktowy\" novalidate=\"novalidate\" data-status=\"init\">\n<fieldset class=\"hidden-fields-container\"><input type=\"hidden\" name=\"_wpcf7\" value=\"82\" \/><input type=\"hidden\" name=\"_wpcf7_version\" value=\"6.1.5\" \/><input type=\"hidden\" name=\"_wpcf7_locale\" value=\"pl_PL\" \/><input type=\"hidden\" name=\"_wpcf7_unit_tag\" value=\"wpcf7-f82-o1\" \/><input type=\"hidden\" name=\"_wpcf7_container_post\" value=\"0\" \/><input type=\"hidden\" name=\"_wpcf7_posted_data_hash\" value=\"\" \/>\n<\/fieldset>\n<p><label> Twoje imi\u0119 i nazwisko<br \/>\n<span class=\"wpcf7-form-control-wrap\" data-name=\"your-name\"><input size=\"40\" maxlength=\"400\" class=\"wpcf7-form-control wpcf7-text wpcf7-validates-as-required\" autocomplete=\"name\" aria-required=\"true\" aria-invalid=\"false\" value=\"\" type=\"text\" name=\"your-name\" \/><\/span> <\/label>\n<\/p>\n<p><label> Tw\u00f3j adres e-mail<br \/>\n<span class=\"wpcf7-form-control-wrap\" data-name=\"your-email\"><input size=\"40\" maxlength=\"400\" class=\"wpcf7-form-control wpcf7-email wpcf7-validates-as-required wpcf7-text wpcf7-validates-as-email\" autocomplete=\"email\" aria-required=\"true\" aria-invalid=\"false\" value=\"\" type=\"email\" name=\"your-email\" \/><\/span> <\/label>\n<\/p>\n<p><label> Telefon<br \/>\n<span class=\"wpcf7-form-control-wrap\" data-name=\"tel-53\"><input size=\"40\" maxlength=\"400\" class=\"wpcf7-form-control wpcf7-tel wpcf7-validates-as-required wpcf7-text wpcf7-validates-as-tel\" autocomplete=\"tel\" aria-required=\"true\" aria-invalid=\"false\" value=\"\" type=\"tel\" name=\"tel-53\" \/><\/span> <\/label>\n<\/p>\n<p><label> Miasto<br \/>\n<span class=\"wpcf7-form-control-wrap\" data-name=\"text-633\"><input size=\"40\" maxlength=\"400\" class=\"wpcf7-form-control wpcf7-text wpcf7-validates-as-required\" aria-required=\"true\" aria-invalid=\"false\" value=\"\" type=\"text\" name=\"text-633\" \/><\/span> <\/label>\n<\/p>\n<p><label> Temat<br \/>\n<span class=\"wpcf7-form-control-wrap\" data-name=\"your-subject\"><input size=\"40\" maxlength=\"400\" class=\"wpcf7-form-control wpcf7-text wpcf7-validates-as-required\" aria-required=\"true\" aria-invalid=\"false\" value=\"\" type=\"text\" name=\"your-subject\" \/><\/span> <\/label>\n<\/p>\n<p><label> Twoja wiadomo\u015bci<br \/>\n<span class=\"wpcf7-form-control-wrap\" data-name=\"your-message\"><textarea cols=\"40\" rows=\"10\" maxlength=\"2000\" class=\"wpcf7-form-control wpcf7-textarea wpcf7-validates-as-required\" aria-required=\"true\" aria-invalid=\"false\" name=\"your-message\"><\/textarea><\/span> <\/label>\n<\/p>\n<p><input class=\"wpcf7-form-control wpcf7-submit has-spinner\" type=\"submit\" value=\"Wy\u015blij\" \/>\n<\/p><div class=\"wpcf7-response-output\" aria-hidden=\"true\"><\/div>\n<\/form>\n<\/div>\n\n","protected":false},"excerpt":{"rendered":"<p>Je\u015bli jeste\u015b dietetykiem, trenerem\/k\u0105 personalnym\/\u0105, fitness lub Instruktorem\/k\u0105 ta\u0144ca lub Instruktorem\/k\u0105 jogi z Krakowa to do\u0142\u0105cz do naszego zespo\u0142u! Co zyskasz? Je\u015bli to Ci\u0119 interesuje to zapraszamy &#8211; do\u0142\u0105cz do nas ju\u017c Teraz ! Formularzu opisz:<\/p>\n","protected":false},"author":1,"featured_media":0,"parent":0,"menu_order":0,"comment_status":"closed","ping_status":"closed","template":"","meta":{"_monsterinsights_skip_tracking":false,"_monsterinsights_sitenote_active":false,"_monsterinsights_sitenote_note":"","_monsterinsights_sitenote_category":0,"_kadence_starter_templates_imported_post":false,"_kad_post_transparent":"","_kad_post_title":"","_kad_post_layout":"","_kad_post_sidebar_id":"","_kad_post_content_style":"","_kad_post_vertical_padding":"","_kad_post_feature":"","_kad_post_feature_position":"","_kad_post_header":false,"_kad_post_footer":false,"_kad_post_classname":"","footnotes":""},"class_list":["post-53","page","type-page","status-publish","hentry"],"_links":{"self":[{"href":"https:\/\/www.windofhealth.com\/index.php\/wp-json\/wp\/v2\/pages\/53","targetHints":{"allow":["GET"]}}],"collection":[{"href":"https:\/\/www.windofhealth.com\/index.php\/wp-json\/wp\/v2\/pages"}],"about":[{"href":"https:\/\/www.windofhealth.com\/index.php\/wp-json\/wp\/v2\/types\/page"}],"author":[{"embeddable":true,"href":"https:\/\/www.windofhealth.com\/index.php\/wp-json\/wp\/v2\/users\/1"}],"replies":[{"embeddable":true,"href":"https:\/\/www.windofhealth.com\/index.php\/wp-json\/wp\/v2\/comments?post=53"}],"version-history":[{"count":12,"href":"https:\/\/www.windofhealth.com\/index.php\/wp-json\/wp\/v2\/pages\/53\/revisions"}],"predecessor-version":[{"id":407,"href":"https:\/\/www.windofhealth.com\/index.php\/wp-json\/wp\/v2\/pages\/53\/revisions\/407"}],"wp:attachment":[{"href":"https:\/\/www.windofhealth.com\/index.php\/wp-json\/wp\/v2\/media?parent=53"}],"curies":[{"name":"wp","href":"https:\/\/api.w.org\/{rel}","templated":true}]}}