{"id":7,"date":"2026-03-17T21:09:48","date_gmt":"2026-03-17T20:09:48","guid":{"rendered":"https:\/\/www.windofhealth.com\/index.php\/cookie-policy\/"},"modified":"2026-03-17T21:31:47","modified_gmt":"2026-03-17T20:31:47","slug":"cookie-policy","status":"publish","type":"page","link":"https:\/\/www.windofhealth.com\/index.php\/cookie-policy\/","title":{"rendered":"Polityka plik\u00f3w cookie"},"content":{"rendered":"\n<p>Ta strona zawiera kompleksowe informacje o tym, jak wykorzystujemy pliki cookie na naszej stronie internetowej, aby usprawni\u0107 przegl\u0105danie, poprawi\u0107 wydajno\u015b\u0107 witryny i dostarcza\u0107 spersonalizowane tre\u015bci. Pliki cookie to ma\u0142e pliki tekstowe, kt\u00f3re s\u0105 zapisywane na Twoim urz\u0105dzeniu podczas odwiedzania naszej witryny. Pomagaj\u0105 nam zrozumie\u0107, w jaki spos\u00f3b odwiedzaj\u0105cy wchodz\u0105 w interakcj\u0119 z nasz\u0105 witryn\u0105, co pozwala nam zapewni\u0107 p\u0142ynniejsze i bardziej wydajne korzystanie z niej. W poni\u017cszej tabeli znajdziesz szczeg\u00f3\u0142owe informacje na temat ka\u017cdego rodzaju u\u017cywanych przez nas plik\u00f3w cookie, ich celu oraz czasu ich przechowywania na Twoim urz\u0105dzeniu. Zobowi\u0105zujemy si\u0119 do poszanowania Twojej prywatno\u015bci i zapewnienia przejrzysto\u015bci w zakresie danych gromadzonych za po\u015brednictwem plik\u00f3w cookie. Aby uzyska\u0107 wi\u0119cej informacji na temat sposobu przetwarzania Twoich danych osobowych, zapoznaj si\u0119 z nasz\u0105 <a href=\"https:\/\/www.windofhealth.com\/index.php\/polityka-prywatnosci\/\" data-type=\"link\" data-id=\"https:\/\/www.windofhealth.com\/index.php\/polityka-prywatnosci\/\">Polityk\u0105 Prywatno\u015bci<\/a><\/p>\n\n\n<div class=\"wpconsent-cookie-policy\"><h2 class=\"wpconsent-cookie-category-name\">Niezb\u0119dne<\/h2><p class=\"wpconsent-cookie-category-description\">Niezb\u0119dne pliki cookie umo\u017cliwiaj\u0105 podstawowe funkcje i s\u0105 konieczne do prawid\u0142owego funkcjonowania witryny.<\/p><table class=\"wpconsent-cookie-policy-table\"><tr><th>Name<\/th><th>Description<\/th><th>Duration<\/th><\/tr><tr><td>wpconsent_preferences<\/td><td>This cookie is used to store the user&#039;s cookie consent preferences.<\/td><td>30 days<\/td><\/tr><\/table><\/div>\n","protected":false},"excerpt":{"rendered":"<p>Ta strona zawiera kompleksowe informacje o tym, jak wykorzystujemy pliki cookie na naszej stronie internetowej, aby usprawni\u0107 przegl\u0105danie, poprawi\u0107 wydajno\u015b\u0107 witryny i dostarcza\u0107 spersonalizowane tre\u015bci. Pliki cookie to ma\u0142e pliki tekstowe, kt\u00f3re s\u0105 zapisywane na Twoim urz\u0105dzeniu podczas odwiedzania naszej witryny. Pomagaj\u0105 nam zrozumie\u0107, w jaki spos\u00f3b odwiedzaj\u0105cy wchodz\u0105 w interakcj\u0119 z nasz\u0105 witryn\u0105, co&#8230;<\/p>\n","protected":false},"author":1,"featured_media":0,"parent":0,"menu_order":0,"comment_status":"closed","ping_status":"closed","template":"","meta":{"_monsterinsights_skip_tracking":false,"_monsterinsights_sitenote_active":false,"_monsterinsights_sitenote_note":"","_monsterinsights_sitenote_category":0,"_kadence_starter_templates_imported_post":false,"_kad_post_transparent":"","_kad_post_title":"","_kad_post_layout":"","_kad_post_sidebar_id":"","_kad_post_content_style":"","_kad_post_vertical_padding":"","_kad_post_feature":"","_kad_post_feature_position":"","_kad_post_header":false,"_kad_post_footer":false,"_kad_post_classname":"","footnotes":""},"class_list":["post-7","page","type-page","status-publish","hentry"],"_links":{"self":[{"href":"https:\/\/www.windofhealth.com\/index.php\/wp-json\/wp\/v2\/pages\/7","targetHints":{"allow":["GET"]}}],"collection":[{"href":"https:\/\/www.windofhealth.com\/index.php\/wp-json\/wp\/v2\/pages"}],"about":[{"href":"https:\/\/www.windofhealth.com\/index.php\/wp-json\/wp\/v2\/types\/page"}],"author":[{"embeddable":true,"href":"https:\/\/www.windofhealth.com\/index.php\/wp-json\/wp\/v2\/users\/1"}],"replies":[{"embeddable":true,"href":"https:\/\/www.windofhealth.com\/index.php\/wp-json\/wp\/v2\/comments?post=7"}],"version-history":[{"count":3,"href":"https:\/\/www.windofhealth.com\/index.php\/wp-json\/wp\/v2\/pages\/7\/revisions"}],"predecessor-version":[{"id":16,"href":"https:\/\/www.windofhealth.com\/index.php\/wp-json\/wp\/v2\/pages\/7\/revisions\/16"}],"wp:attachment":[{"href":"https:\/\/www.windofhealth.com\/index.php\/wp-json\/wp\/v2\/media?parent=7"}],"curies":[{"name":"wp","href":"https:\/\/api.w.org\/{rel}","templated":true}]}}